{"id":11,"date":"2015-02-09T00:28:16","date_gmt":"2015-02-08T22:28:16","guid":{"rendered":"http:\/\/www.eus-teldrassil.de\/wordpress\/?page_id=11"},"modified":"2020-04-01T19:45:15","modified_gmt":"2020-04-01T17:45:15","slug":"ueber-uns","status":"publish","type":"page","link":"https:\/\/www.eus-teldrassil.de\/wordpress\/ueber-uns\/","title":{"rendered":"\u00dcber uns"},"content":{"rendered":"<div class=\"container\">\n<div id=\"content\" class=\"row\">\n<div class=\"col col-lg-12 clearfix list\">\n<p>      Gegr\u00fcndet am 05.09.2007, 5 Tage, nachdem der Realm er\u00f6ffnet wurde, haben wir uns auf den PvE-Content der World of Warcraft gest\u00fcrzt. Trotz einiger H\u00f6hen und Tiefen gibt es die Gilde bis heute.<\/p>\n<h2>Gr\u00fcndung<\/h2>\n<p>Gegr\u00fcndet wurde Ehre und St\u00e4rke am 05.09.2007.<\/p>\n<h2>Gildenorganisation<\/h2>\n<h3>Gildenr\u00e4nge<\/h3>\n<h4>Gildenmeister:<\/h4>\n<p>Der Gildenmeister stellt den Kopf der Gilde dar und den h\u00f6chsten Rang der Gildenoffiziere. Er trifft letztendlich die Entscheidungen \u00fcber die Richtung der Gilde. Aktuell ist dies <span class=\"class-druid\">Taco<\/span>.<\/p>\n<h4>Co-Leader:<\/h4>\n<p>Der Stellvertreter des Gildenmeisters. Aktuell <span class=\"class-demonhunter\">Trucy<\/span>.<\/p>\n<h4>Gildenrat:<\/h4>\n<p>Der F\u00fchrungsstab der Gilde, die Mitglieder des Gildenrates haben eine beratende Funktion und dienen als Ansprechpartner f\u00fcr alle Mitglieder in Gildenangelegenheiten. Lob, Kritik und Verbesserungsvorschl\u00e4ge sind immer willkommen.<br \/>\nAktuelle Gildenr\u00e4te:<\/p>\n<ul>\n<li><span class=\"class-demonhunter\">Trucy<\/span><\/li>\n<\/ul>\n<h4>Raidmember:<\/h4>\n<p>Spieler, die sich durch au\u00dferordentliche Fertigkeit im Raid bew\u00e4hrt haben, k\u00f6nnen in den Rang eines Raidmembers erhoben werden. Dies sichert ihnen eine bevorzugte Teilnahme am Raid solange dies das Raid-Setup zul\u00e4sst.<\/p>\n<h4>Member:<\/h4>\n<p>Mitglieder die inaktiv bzw. nicht Raidaktiv sind. Sofern diese sich regelm\u00e4\u00dfig anmelden und Interesse am Raiden zeigen, werden sie nach Absprache mit dem Gildenrat zu Raidmember bef\u00f6rdert.<\/p>\n<h4>Freunde\/Familie:<\/h4>\n<p>Ausschlie\u00dflich f\u00fcr den engsten Familien- oder Freundeskreis der vollwertigen Mitglieder gedacht.<\/p>\n<h4>Anw\u00e4rter:<\/h4>\n<p>Neue Mitglieder erhalten den Rang &#8222;Anw\u00e4rter&#8220; (Probemitglied). Die Probezeit betr\u00e4gt in der Regel 2 Wochen.<\/p>\n<p>Das bedeutet, dass man nicht sofort vollwertiges Mitglied bei Ehre und St\u00e4rke durch den Gildenbeitritt wird.<\/p>\n<p>Dies dient dazu, die neuen Member besser kennen zu lernen und um zu sehen, ob sie zu uns passen (bzw. ob wir zu ihnen passen ^^), sowohl menschlich wie auch spielerisch.<\/p>\n<h4>Twink:<\/h4>\n<p>Rang f\u00fcr die Zweitcharaktere der vollwertigen Mitglieder von Ehre und St\u00e4rke. Keine Beschr\u00e4nkung der Anzahl pro Spieler.<\/p>\n<h2>Raidleitung<\/h2>\n<p>Die Organisation und Durchf\u00fchrung der gildeninternen Raids obliegt aktuell <span class=\"class-demonhunter\">Trucy<\/span>.<br \/>\nSie planen und organisieren die Raids und dienen diesbez\u00fcglich als Ansprechpartner f\u00fcr Raidmember.<\/p>\n<\/div>\n<\/div>\n<\/div>\n","protected":false},"excerpt":{"rendered":"<p>Gegr\u00fcndet am 05.09.2007, 5 Tage, nachdem der Realm er\u00f6ffnet wurde, haben wir uns auf den PvE-Content der World of Warcraft gest\u00fcrzt. Trotz einiger H\u00f6hen und Tiefen gibt es die Gilde bis heute. Gr\u00fcndung Gegr\u00fcndet wurde Ehre und St\u00e4rke am 05.09.2007. Gildenorganisation Gildenr\u00e4nge Gildenmeister: Der Gildenmeister stellt den Kopf der Gilde dar und den h\u00f6chsten Rang [&#8230;]<\/p>\n<p><a class=\"btn btn-secondary understrap-read-more-link\" href=\"https:\/\/www.eus-teldrassil.de\/wordpress\/ueber-uns\/\">Weiterlesen\u00a0\u2026<span class=\"screen-reader-text\"> from \u00dcber uns<\/span><\/a><\/p>\n","protected":false},"author":1,"featured_media":0,"parent":0,"menu_order":0,"comment_status":"closed","ping_status":"open","template":"","meta":{"footnotes":""},"class_list":["post-11","page","type-page","status-publish","hentry"],"yoast_head":"<!-- This site is optimized with the Yoast SEO plugin v27.1.1 - https:\/\/yoast.com\/product\/yoast-seo-wordpress\/ -->\n<title>\u00dcber uns - Ehre und St\u00e4rke<\/title>\n<meta name=\"robots\" content=\"index, follow, max-snippet:-1, max-image-preview:large, max-video-preview:-1\" \/>\n<link rel=\"canonical\" href=\"https:\/\/www.eus-teldrassil.de\/wordpress\/ueber-uns\/\" \/>\n<meta property=\"og:locale\" content=\"de_DE\" \/>\n<meta property=\"og:type\" content=\"article\" \/>\n<meta property=\"og:title\" content=\"\u00dcber uns - Ehre und St\u00e4rke\" \/>\n<meta property=\"og:description\" content=\"Gegr\u00fcndet am 05.09.2007, 5 Tage, nachdem der Realm er\u00f6ffnet wurde, haben wir uns auf den PvE-Content der World of Warcraft gest\u00fcrzt. Trotz einiger H\u00f6hen und Tiefen gibt es die Gilde bis heute. Gr\u00fcndung Gegr\u00fcndet wurde Ehre und St\u00e4rke am 05.09.2007. Gildenorganisation Gildenr\u00e4nge Gildenmeister: Der Gildenmeister stellt den Kopf der Gilde dar und den h\u00f6chsten Rang [...]Weiterlesen\u00a0\u2026 from \u00dcber uns\" \/>\n<meta property=\"og:url\" content=\"https:\/\/www.eus-teldrassil.de\/wordpress\/ueber-uns\/\" \/>\n<meta property=\"og:site_name\" content=\"Ehre und St\u00e4rke\" \/>\n<meta property=\"article:modified_time\" content=\"2020-04-01T17:45:15+00:00\" \/>\n<meta name=\"twitter:label1\" content=\"Gesch\u00e4tzte Lesezeit\" \/>\n\t<meta name=\"twitter:data1\" content=\"2\u00a0Minuten\" \/>\n<script type=\"application\/ld+json\" class=\"yoast-schema-graph\">{\"@context\":\"https:\/\/schema.org\",\"@graph\":[{\"@type\":\"WebPage\",\"@id\":\"https:\/\/www.eus-teldrassil.de\/wordpress\/ueber-uns\/\",\"url\":\"https:\/\/www.eus-teldrassil.de\/wordpress\/ueber-uns\/\",\"name\":\"\u00dcber uns - Ehre und St\u00e4rke\",\"isPartOf\":{\"@id\":\"https:\/\/www.eus-teldrassil.de\/wordpress\/#website\"},\"datePublished\":\"2015-02-08T22:28:16+00:00\",\"dateModified\":\"2020-04-01T17:45:15+00:00\",\"breadcrumb\":{\"@id\":\"https:\/\/www.eus-teldrassil.de\/wordpress\/ueber-uns\/#breadcrumb\"},\"inLanguage\":\"de\",\"potentialAction\":[{\"@type\":\"ReadAction\",\"target\":[\"https:\/\/www.eus-teldrassil.de\/wordpress\/ueber-uns\/\"]}]},{\"@type\":\"BreadcrumbList\",\"@id\":\"https:\/\/www.eus-teldrassil.de\/wordpress\/ueber-uns\/#breadcrumb\",\"itemListElement\":[{\"@type\":\"ListItem\",\"position\":1,\"name\":\"Startseite\",\"item\":\"https:\/\/www.eus-teldrassil.de\/wordpress\/\"},{\"@type\":\"ListItem\",\"position\":2,\"name\":\"\u00dcber uns\"}]},{\"@type\":\"WebSite\",\"@id\":\"https:\/\/www.eus-teldrassil.de\/wordpress\/#website\",\"url\":\"https:\/\/www.eus-teldrassil.de\/wordpress\/\",\"name\":\"Ehre und St\u00e4rke\",\"description\":\"PvE-Gilde @ Teldrassil\",\"publisher\":{\"@id\":\"https:\/\/www.eus-teldrassil.de\/wordpress\/#\/schema\/person\/a9a2baa4db97df468f9efd7f781e3320\"},\"potentialAction\":[{\"@type\":\"SearchAction\",\"target\":{\"@type\":\"EntryPoint\",\"urlTemplate\":\"https:\/\/www.eus-teldrassil.de\/wordpress\/?s={search_term_string}\"},\"query-input\":{\"@type\":\"PropertyValueSpecification\",\"valueRequired\":true,\"valueName\":\"search_term_string\"}}],\"inLanguage\":\"de\"},{\"@type\":[\"Person\",\"Organization\"],\"@id\":\"https:\/\/www.eus-teldrassil.de\/wordpress\/#\/schema\/person\/a9a2baa4db97df468f9efd7f781e3320\",\"name\":\"Velatrix\",\"image\":{\"@type\":\"ImageObject\",\"inLanguage\":\"de\",\"@id\":\"https:\/\/www.eus-teldrassil.de\/wordpress\/#\/schema\/person\/image\/\",\"url\":\"https:\/\/secure.gravatar.com\/avatar\/014f56006ba6930bd0d1de23cab8dfb497e00a2bfc8e362e705e9196eb7c2bba?s=96&d=wavatar&r=g\",\"contentUrl\":\"https:\/\/secure.gravatar.com\/avatar\/014f56006ba6930bd0d1de23cab8dfb497e00a2bfc8e362e705e9196eb7c2bba?s=96&d=wavatar&r=g\",\"caption\":\"Velatrix\"},\"logo\":{\"@id\":\"https:\/\/www.eus-teldrassil.de\/wordpress\/#\/schema\/person\/image\/\"},\"sameAs\":[\"http:\/\/www.eus-teldrassil.de\"]}]}<\/script>\n<!-- \/ Yoast SEO plugin. -->","yoast_head_json":{"title":"\u00dcber uns - Ehre und St\u00e4rke","robots":{"index":"index","follow":"follow","max-snippet":"max-snippet:-1","max-image-preview":"max-image-preview:large","max-video-preview":"max-video-preview:-1"},"canonical":"https:\/\/www.eus-teldrassil.de\/wordpress\/ueber-uns\/","og_locale":"de_DE","og_type":"article","og_title":"\u00dcber uns - Ehre und St\u00e4rke","og_description":"Gegr\u00fcndet am 05.09.2007, 5 Tage, nachdem der Realm er\u00f6ffnet wurde, haben wir uns auf den PvE-Content der World of Warcraft gest\u00fcrzt. Trotz einiger H\u00f6hen und Tiefen gibt es die Gilde bis heute. Gr\u00fcndung Gegr\u00fcndet wurde Ehre und St\u00e4rke am 05.09.2007. Gildenorganisation Gildenr\u00e4nge Gildenmeister: Der Gildenmeister stellt den Kopf der Gilde dar und den h\u00f6chsten Rang [...]Weiterlesen\u00a0\u2026 from \u00dcber uns","og_url":"https:\/\/www.eus-teldrassil.de\/wordpress\/ueber-uns\/","og_site_name":"Ehre und St\u00e4rke","article_modified_time":"2020-04-01T17:45:15+00:00","twitter_misc":{"Gesch\u00e4tzte Lesezeit":"2\u00a0Minuten"},"schema":{"@context":"https:\/\/schema.org","@graph":[{"@type":"WebPage","@id":"https:\/\/www.eus-teldrassil.de\/wordpress\/ueber-uns\/","url":"https:\/\/www.eus-teldrassil.de\/wordpress\/ueber-uns\/","name":"\u00dcber uns - Ehre und St\u00e4rke","isPartOf":{"@id":"https:\/\/www.eus-teldrassil.de\/wordpress\/#website"},"datePublished":"2015-02-08T22:28:16+00:00","dateModified":"2020-04-01T17:45:15+00:00","breadcrumb":{"@id":"https:\/\/www.eus-teldrassil.de\/wordpress\/ueber-uns\/#breadcrumb"},"inLanguage":"de","potentialAction":[{"@type":"ReadAction","target":["https:\/\/www.eus-teldrassil.de\/wordpress\/ueber-uns\/"]}]},{"@type":"BreadcrumbList","@id":"https:\/\/www.eus-teldrassil.de\/wordpress\/ueber-uns\/#breadcrumb","itemListElement":[{"@type":"ListItem","position":1,"name":"Startseite","item":"https:\/\/www.eus-teldrassil.de\/wordpress\/"},{"@type":"ListItem","position":2,"name":"\u00dcber uns"}]},{"@type":"WebSite","@id":"https:\/\/www.eus-teldrassil.de\/wordpress\/#website","url":"https:\/\/www.eus-teldrassil.de\/wordpress\/","name":"Ehre und St\u00e4rke","description":"PvE-Gilde @ Teldrassil","publisher":{"@id":"https:\/\/www.eus-teldrassil.de\/wordpress\/#\/schema\/person\/a9a2baa4db97df468f9efd7f781e3320"},"potentialAction":[{"@type":"SearchAction","target":{"@type":"EntryPoint","urlTemplate":"https:\/\/www.eus-teldrassil.de\/wordpress\/?s={search_term_string}"},"query-input":{"@type":"PropertyValueSpecification","valueRequired":true,"valueName":"search_term_string"}}],"inLanguage":"de"},{"@type":["Person","Organization"],"@id":"https:\/\/www.eus-teldrassil.de\/wordpress\/#\/schema\/person\/a9a2baa4db97df468f9efd7f781e3320","name":"Velatrix","image":{"@type":"ImageObject","inLanguage":"de","@id":"https:\/\/www.eus-teldrassil.de\/wordpress\/#\/schema\/person\/image\/","url":"https:\/\/secure.gravatar.com\/avatar\/014f56006ba6930bd0d1de23cab8dfb497e00a2bfc8e362e705e9196eb7c2bba?s=96&d=wavatar&r=g","contentUrl":"https:\/\/secure.gravatar.com\/avatar\/014f56006ba6930bd0d1de23cab8dfb497e00a2bfc8e362e705e9196eb7c2bba?s=96&d=wavatar&r=g","caption":"Velatrix"},"logo":{"@id":"https:\/\/www.eus-teldrassil.de\/wordpress\/#\/schema\/person\/image\/"},"sameAs":["http:\/\/www.eus-teldrassil.de"]}]}},"_links":{"self":[{"href":"https:\/\/www.eus-teldrassil.de\/wordpress\/wp-json\/wp\/v2\/pages\/11","targetHints":{"allow":["GET"]}}],"collection":[{"href":"https:\/\/www.eus-teldrassil.de\/wordpress\/wp-json\/wp\/v2\/pages"}],"about":[{"href":"https:\/\/www.eus-teldrassil.de\/wordpress\/wp-json\/wp\/v2\/types\/page"}],"author":[{"embeddable":true,"href":"https:\/\/www.eus-teldrassil.de\/wordpress\/wp-json\/wp\/v2\/users\/1"}],"replies":[{"embeddable":true,"href":"https:\/\/www.eus-teldrassil.de\/wordpress\/wp-json\/wp\/v2\/comments?post=11"}],"version-history":[{"count":18,"href":"https:\/\/www.eus-teldrassil.de\/wordpress\/wp-json\/wp\/v2\/pages\/11\/revisions"}],"predecessor-version":[{"id":202,"href":"https:\/\/www.eus-teldrassil.de\/wordpress\/wp-json\/wp\/v2\/pages\/11\/revisions\/202"}],"wp:attachment":[{"href":"https:\/\/www.eus-teldrassil.de\/wordpress\/wp-json\/wp\/v2\/media?parent=11"}],"curies":[{"name":"wp","href":"https:\/\/api.w.org\/{rel}","templated":true}]}}